{"id":7,"date":"2023-08-10T04:16:18","date_gmt":"2023-08-10T04:16:18","guid":{"rendered":"https:\/\/trailrunnerssv.com\/?page_id=7"},"modified":"2024-04-22T21:09:41","modified_gmt":"2024-04-22T21:09:41","slug":"contacto","status":"publish","type":"page","link":"https:\/\/lacordillerachallenge.com\/en\/contacto\/","title":{"rendered":"Contacto"},"content":{"rendered":"<div data-elementor-type=\"wp-post\" data-elementor-id=\"7\" class=\"elementor elementor-7\" data-elementor-post-type=\"page\">\n\t\t\t\t<div class=\"elementor-element elementor-element-dd4e3de e-flex e-con-boxed e-con e-parent\" data-id=\"dd4e3de\" data-element_type=\"container\">\n\t\t\t\t\t<div class=\"e-con-inner\">\n\t\t<div class=\"elementor-element elementor-element-951a120 e-con-full e-flex e-con e-child\" data-id=\"951a120\" data-element_type=\"container\">\n\t\t\t\t<div class=\"elementor-element elementor-element-c15812c elementor-widget elementor-widget-heading\" data-id=\"c15812c\" data-element_type=\"widget\" data-widget_type=\"heading.default\">\n\t\t\t\t<div class=\"elementor-widget-container\">\n\t\t\t\t\t<h2 class=\"elementor-heading-title elementor-size-default\">\u00a1ESTE 2024 VIVE LA CARA M\u00c1S SALVAJE DE EL SALVADOR!<\/h2>\t\t\t\t<\/div>\n\t\t\t\t<\/div>\n\t\t\t\t<div class=\"elementor-element elementor-element-dea4646 elementor-widget elementor-widget-image\" data-id=\"dea4646\" data-element_type=\"widget\" data-widget_type=\"image.default\">\n\t\t\t\t<div class=\"elementor-widget-container\">\n\t\t\t\t\t\t\t\t\t\t\t\t\t\t\t<img fetchpriority=\"high\" decoding=\"async\" width=\"1920\" height=\"1080\" src=\"https:\/\/lacordillerachallenge.com\/wp-content\/uploads\/2024\/04\/FONDO_LCC.jpg\" class=\"attachment-full size-full wp-image-1216\" alt=\"\" srcset=\"https:\/\/lacordillerachallenge.com\/wp-content\/uploads\/2024\/04\/FONDO_LCC.jpg 1920w, https:\/\/lacordillerachallenge.com\/wp-content\/uploads\/2024\/04\/FONDO_LCC-300x169.jpg 300w, https:\/\/lacordillerachallenge.com\/wp-content\/uploads\/2024\/04\/FONDO_LCC-1024x576.jpg 1024w, https:\/\/lacordillerachallenge.com\/wp-content\/uploads\/2024\/04\/FONDO_LCC-768x432.jpg 768w, https:\/\/lacordillerachallenge.com\/wp-content\/uploads\/2024\/04\/FONDO_LCC-1536x864.jpg 1536w, https:\/\/lacordillerachallenge.com\/wp-content\/uploads\/2024\/04\/FONDO_LCC-18x10.jpg 18w\" sizes=\"(max-width: 1920px) 100vw, 1920px\" \/>\t\t\t\t\t\t\t\t\t\t\t\t\t\t\t<\/div>\n\t\t\t\t<\/div>\n\t\t\t\t<div class=\"elementor-element elementor-element-ea3b37f elementor-widget elementor-widget-text-editor\" data-id=\"ea3b37f\" data-element_type=\"widget\" data-widget_type=\"text-editor.default\">\n\t\t\t\t<div class=\"elementor-widget-container\">\n\t\t\t\t\t\t\t\t\t<p>Desde el instante que est\u00e9s valorando realizar tu inscripci\u00f3n deseamos que TENGAS UNA EXPERIENCIA MEMORABLE. Por ello, nos encantar\u00eda ofrecerte la asesor\u00eda y asistencia personalizada que necesites. Si est\u00e1s de acuerdo, haz clic en la opci\u00f3n de tu preferencia y nos contactaremos en las pr\u00f3ximas horas contigo:<\/p>\t\t\t\t\t\t\t\t<\/div>\n\t\t\t\t<\/div>\n\t\t\t\t<\/div>\n\t\t\t\t\t<\/div>\n\t\t\t\t<\/div>\n\t\t<div class=\"elementor-element elementor-element-3436f1a e-flex e-con-boxed e-con e-parent\" data-id=\"3436f1a\" data-element_type=\"container\">\n\t\t\t\t\t<div class=\"e-con-inner\">\n\t\t\t\t<div class=\"elementor-element elementor-element-f8e1737 elementor-widget elementor-widget-shortcode\" data-id=\"f8e1737\" data-element_type=\"widget\" data-widget_type=\"shortcode.default\">\n\t\t\t\t<div class=\"elementor-widget-container\">\n\t\t\t\t\t\t\t<div class=\"elementor-shortcode\"><p class=\"wpcf7-contact-form-not-found\"><strong>Error:<\/strong> Contact form not found.<\/p><\/div>\n\t\t\t\t\t\t<\/div>\n\t\t\t\t<\/div>\n\t\t\t\t\t<\/div>\n\t\t\t\t<\/div>\n\t\t\t\t<\/div>","protected":false},"excerpt":{"rendered":"<p>\u00a1ESTE 2024 VIVE LA CARA M\u00c1S SALVAJE DE EL SALVADOR! Desde el instante que est\u00e9s valorando realizar tu inscripci\u00f3n deseamos que TENGAS UNA EXPERIENCIA MEMORABLE. Por ello, nos encantar\u00eda ofrecerte la asesor\u00eda y asistencia personalizada que necesites. Si est\u00e1s de acuerdo, haz clic en la opci\u00f3n de tu preferencia y nos contactaremos en las pr\u00f3ximas [&hellip;]<\/p>","protected":false},"author":1,"featured_media":800,"parent":0,"menu_order":0,"comment_status":"closed","ping_status":"closed","template":"","meta":{"footnotes":""},"class_list":["post-7","page","type-page","status-publish","has-post-thumbnail","hentry"],"aioseo_notices":[],"yoast_head":"<!-- This site is optimized with the Yoast SEO plugin v25.7 - https:\/\/yoast.com\/wordpress\/plugins\/seo\/ -->\n<title>Contacto - La Cordillera Challenge<\/title>\n<meta name=\"robots\" content=\"index, follow, max-snippet:-1, max-image-preview:large, max-video-preview:-1\" \/>\n<link rel=\"canonical\" href=\"https:\/\/lacordillerachallenge.com\/en\/contacto\/\" \/>\n<meta property=\"og:locale\" content=\"en_US\" \/>\n<meta property=\"og:type\" content=\"article\" \/>\n<meta property=\"og:title\" content=\"Contacto - La Cordillera Challenge\" \/>\n<meta property=\"og:description\" content=\"\u00a1ESTE 2024 VIVE LA CARA M\u00c1S SALVAJE DE EL SALVADOR! Desde el instante que est\u00e9s valorando realizar tu inscripci\u00f3n deseamos que TENGAS UNA EXPERIENCIA MEMORABLE. Por ello, nos encantar\u00eda ofrecerte la asesor\u00eda y asistencia personalizada que necesites. Si est\u00e1s de acuerdo, haz clic en la opci\u00f3n de tu preferencia y nos contactaremos en las pr\u00f3ximas [&hellip;]\" \/>\n<meta property=\"og:url\" content=\"https:\/\/lacordillerachallenge.com\/en\/contacto\/\" \/>\n<meta property=\"og:site_name\" content=\"La Cordillera Challenge\" \/>\n<meta property=\"article:publisher\" content=\"https:\/\/www.facebook.com\/LaCordilleraChallenge\/?modal=admin_todo_tour\" \/>\n<meta property=\"article:modified_time\" content=\"2024-04-22T21:09:41+00:00\" \/>\n<meta property=\"og:image\" content=\"https:\/\/lacordillerachallenge.com\/wp-content\/uploads\/2023\/08\/09.jpg\" \/>\n\t<meta property=\"og:image:width\" content=\"1280\" \/>\n\t<meta property=\"og:image:height\" content=\"800\" \/>\n\t<meta property=\"og:image:type\" content=\"image\/jpeg\" \/>\n<meta name=\"twitter:card\" content=\"summary_large_image\" \/>\n<script type=\"application\/ld+json\" class=\"yoast-schema-graph\">{\"@context\":\"https:\/\/schema.org\",\"@graph\":[{\"@type\":\"WebPage\",\"@id\":\"https:\/\/lacordillerachallenge.com\/contacto\/\",\"url\":\"https:\/\/lacordillerachallenge.com\/contacto\/\",\"name\":\"Contacto - La Cordillera Challenge\",\"isPartOf\":{\"@id\":\"https:\/\/lacordillerachallenge.com\/#website\"},\"primaryImageOfPage\":{\"@id\":\"https:\/\/lacordillerachallenge.com\/contacto\/#primaryimage\"},\"image\":{\"@id\":\"https:\/\/lacordillerachallenge.com\/contacto\/#primaryimage\"},\"thumbnailUrl\":\"https:\/\/lacordillerachallenge.com\/wp-content\/uploads\/2023\/08\/09.jpg\",\"datePublished\":\"2023-08-10T04:16:18+00:00\",\"dateModified\":\"2024-04-22T21:09:41+00:00\",\"breadcrumb\":{\"@id\":\"https:\/\/lacordillerachallenge.com\/contacto\/#breadcrumb\"},\"inLanguage\":\"en-US\",\"potentialAction\":[{\"@type\":\"ReadAction\",\"target\":[\"https:\/\/lacordillerachallenge.com\/contacto\/\"]}]},{\"@type\":\"ImageObject\",\"inLanguage\":\"en-US\",\"@id\":\"https:\/\/lacordillerachallenge.com\/contacto\/#primaryimage\",\"url\":\"https:\/\/lacordillerachallenge.com\/wp-content\/uploads\/2023\/08\/09.jpg\",\"contentUrl\":\"https:\/\/lacordillerachallenge.com\/wp-content\/uploads\/2023\/08\/09.jpg\",\"width\":1280,\"height\":800},{\"@type\":\"BreadcrumbList\",\"@id\":\"https:\/\/lacordillerachallenge.com\/contacto\/#breadcrumb\",\"itemListElement\":[{\"@type\":\"ListItem\",\"position\":1,\"name\":\"Portada\",\"item\":\"https:\/\/lacordillerachallenge.com\/\"},{\"@type\":\"ListItem\",\"position\":2,\"name\":\"Contacto\"}]},{\"@type\":\"WebSite\",\"@id\":\"https:\/\/lacordillerachallenge.com\/#website\",\"url\":\"https:\/\/lacordillerachallenge.com\/\",\"name\":\"La Cordillera Challenge\",\"description\":\"El Salvador\",\"publisher\":{\"@id\":\"https:\/\/lacordillerachallenge.com\/#organization\"},\"potentialAction\":[{\"@type\":\"SearchAction\",\"target\":{\"@type\":\"EntryPoint\",\"urlTemplate\":\"https:\/\/lacordillerachallenge.com\/?s={search_term_string}\"},\"query-input\":{\"@type\":\"PropertyValueSpecification\",\"valueRequired\":true,\"valueName\":\"search_term_string\"}}],\"inLanguage\":\"en-US\"},{\"@type\":\"Organization\",\"@id\":\"https:\/\/lacordillerachallenge.com\/#organization\",\"name\":\"La Cordillera Challenge\",\"url\":\"https:\/\/lacordillerachallenge.com\/\",\"logo\":{\"@type\":\"ImageObject\",\"inLanguage\":\"en-US\",\"@id\":\"https:\/\/lacordillerachallenge.com\/#\/schema\/logo\/image\/\",\"url\":\"https:\/\/lacordillerachallenge.com\/wp-content\/uploads\/2023\/08\/LogoLCCBlack.png\",\"contentUrl\":\"https:\/\/lacordillerachallenge.com\/wp-content\/uploads\/2023\/08\/LogoLCCBlack.png\",\"width\":325,\"height\":199,\"caption\":\"La Cordillera Challenge\"},\"image\":{\"@id\":\"https:\/\/lacordillerachallenge.com\/#\/schema\/logo\/image\/\"},\"sameAs\":[\"https:\/\/www.facebook.com\/LaCordilleraChallenge\/?modal=admin_todo_tour\"]}]}<\/script>\n<!-- \/ Yoast SEO plugin. -->","yoast_head_json":{"title":"Contacto - La Cordillera Challenge","robots":{"index":"index","follow":"follow","max-snippet":"max-snippet:-1","max-image-preview":"max-image-preview:large","max-video-preview":"max-video-preview:-1"},"canonical":"https:\/\/lacordillerachallenge.com\/en\/contacto\/","og_locale":"en_US","og_type":"article","og_title":"Contacto - La Cordillera Challenge","og_description":"\u00a1ESTE 2024 VIVE LA CARA M\u00c1S SALVAJE DE EL SALVADOR! Desde el instante que est\u00e9s valorando realizar tu inscripci\u00f3n deseamos que TENGAS UNA EXPERIENCIA MEMORABLE. Por ello, nos encantar\u00eda ofrecerte la asesor\u00eda y asistencia personalizada que necesites. Si est\u00e1s de acuerdo, haz clic en la opci\u00f3n de tu preferencia y nos contactaremos en las pr\u00f3ximas [&hellip;]","og_url":"https:\/\/lacordillerachallenge.com\/en\/contacto\/","og_site_name":"La Cordillera Challenge","article_publisher":"https:\/\/www.facebook.com\/LaCordilleraChallenge\/?modal=admin_todo_tour","article_modified_time":"2024-04-22T21:09:41+00:00","og_image":[{"width":1280,"height":800,"url":"https:\/\/lacordillerachallenge.com\/wp-content\/uploads\/2023\/08\/09.jpg","type":"image\/jpeg"}],"twitter_card":"summary_large_image","schema":{"@context":"https:\/\/schema.org","@graph":[{"@type":"WebPage","@id":"https:\/\/lacordillerachallenge.com\/contacto\/","url":"https:\/\/lacordillerachallenge.com\/contacto\/","name":"Contacto - La Cordillera Challenge","isPartOf":{"@id":"https:\/\/lacordillerachallenge.com\/#website"},"primaryImageOfPage":{"@id":"https:\/\/lacordillerachallenge.com\/contacto\/#primaryimage"},"image":{"@id":"https:\/\/lacordillerachallenge.com\/contacto\/#primaryimage"},"thumbnailUrl":"https:\/\/lacordillerachallenge.com\/wp-content\/uploads\/2023\/08\/09.jpg","datePublished":"2023-08-10T04:16:18+00:00","dateModified":"2024-04-22T21:09:41+00:00","breadcrumb":{"@id":"https:\/\/lacordillerachallenge.com\/contacto\/#breadcrumb"},"inLanguage":"en-US","potentialAction":[{"@type":"ReadAction","target":["https:\/\/lacordillerachallenge.com\/contacto\/"]}]},{"@type":"ImageObject","inLanguage":"en-US","@id":"https:\/\/lacordillerachallenge.com\/contacto\/#primaryimage","url":"https:\/\/lacordillerachallenge.com\/wp-content\/uploads\/2023\/08\/09.jpg","contentUrl":"https:\/\/lacordillerachallenge.com\/wp-content\/uploads\/2023\/08\/09.jpg","width":1280,"height":800},{"@type":"BreadcrumbList","@id":"https:\/\/lacordillerachallenge.com\/contacto\/#breadcrumb","itemListElement":[{"@type":"ListItem","position":1,"name":"Portada","item":"https:\/\/lacordillerachallenge.com\/"},{"@type":"ListItem","position":2,"name":"Contacto"}]},{"@type":"WebSite","@id":"https:\/\/lacordillerachallenge.com\/#website","url":"https:\/\/lacordillerachallenge.com\/","name":"La Cordillera Challenge","description":"El Salvador","publisher":{"@id":"https:\/\/lacordillerachallenge.com\/#organization"},"potentialAction":[{"@type":"SearchAction","target":{"@type":"EntryPoint","urlTemplate":"https:\/\/lacordillerachallenge.com\/?s={search_term_string}"},"query-input":{"@type":"PropertyValueSpecification","valueRequired":true,"valueName":"search_term_string"}}],"inLanguage":"en-US"},{"@type":"Organization","@id":"https:\/\/lacordillerachallenge.com\/#organization","name":"La Cordillera Challenge","url":"https:\/\/lacordillerachallenge.com\/","logo":{"@type":"ImageObject","inLanguage":"en-US","@id":"https:\/\/lacordillerachallenge.com\/#\/schema\/logo\/image\/","url":"https:\/\/lacordillerachallenge.com\/wp-content\/uploads\/2023\/08\/LogoLCCBlack.png","contentUrl":"https:\/\/lacordillerachallenge.com\/wp-content\/uploads\/2023\/08\/LogoLCCBlack.png","width":325,"height":199,"caption":"La Cordillera Challenge"},"image":{"@id":"https:\/\/lacordillerachallenge.com\/#\/schema\/logo\/image\/"},"sameAs":["https:\/\/www.facebook.com\/LaCordilleraChallenge\/?modal=admin_todo_tour"]}]}},"_links":{"self":[{"href":"https:\/\/lacordillerachallenge.com\/en\/wp-json\/wp\/v2\/pages\/7","targetHints":{"allow":["GET"]}}],"collection":[{"href":"https:\/\/lacordillerachallenge.com\/en\/wp-json\/wp\/v2\/pages"}],"about":[{"href":"https:\/\/lacordillerachallenge.com\/en\/wp-json\/wp\/v2\/types\/page"}],"author":[{"embeddable":true,"href":"https:\/\/lacordillerachallenge.com\/en\/wp-json\/wp\/v2\/users\/1"}],"replies":[{"embeddable":true,"href":"https:\/\/lacordillerachallenge.com\/en\/wp-json\/wp\/v2\/comments?post=7"}],"version-history":[{"count":0,"href":"https:\/\/lacordillerachallenge.com\/en\/wp-json\/wp\/v2\/pages\/7\/revisions"}],"wp:featuredmedia":[{"embeddable":true,"href":"https:\/\/lacordillerachallenge.com\/en\/wp-json\/wp\/v2\/media\/800"}],"wp:attachment":[{"href":"https:\/\/lacordillerachallenge.com\/en\/wp-json\/wp\/v2\/media?parent=7"}],"curies":[{"name":"wp","href":"https:\/\/api.w.org\/{rel}","templated":true}]}}